{"id":5662,"date":"2024-02-16T07:35:32","date_gmt":"2024-02-16T07:35:32","guid":{"rendered":"https:\/\/aadhighlights.aedv.es\/?page_id=5662"},"modified":"2025-03-06T18:48:07","modified_gmt":"2025-03-06T18:48:07","slug":"informacion-de-interes","status":"publish","type":"page","link":"https:\/\/aadhighlights.aedv.es\/2024\/informacion-de-interes\/","title":{"rendered":"informaci\u00f3n de inter\u00e9s"},"content":{"rendered":"<section class=\"wpb-content-wrapper\"><p>[vc_row css=\u00bb.vc_custom_1708077034140{margin-top: 90px !important;}\u00bb][vc_column offset=\u00bbvc_col-lg-1 vc_col-md-1 vc_col-xs-12&#8243;][\/vc_column][vc_column offset=\u00bbvc_col-lg-10 vc_col-md-10 vc_col-xs-12&#8243;]<div class=\"gt-heading gt-style-1 gt-light gt-align-left\"><h1 class=\"gt-title\">El AAD 2024 se celebra en San Diego, California<\/h1><\/div><div class=\"gt-service-boxes gt-style-2 gt-light\"><div class=\"gt-grid gt-grid-1 gt-spacing-0\"><div class=\"gt-grid-col\"><div class=\"gt-item gt-align-left\"><div class=\"gt-icon gt-font-icon-v2\"><i class=\"fa-solid fa-location-dot\"><\/i><\/div><div class=\"gt-title\"><a href=\"https:\/\/www.google.com\/maps\/place\/San+Diego+Convention+Center\/@32.7054936,-117.1600864,17z\/data=!3m1!5s0x80d9535a81657f0b:0x4a731a310e109ee5!4m15!1m8!3m7!1s0x80d9535078999fd5:0xf707732922bdcddf!2s111+Harbor+Dr,+San+Diego,+CA+92101,+EE.+UU.!3b1!8m2!3d32.7054936!4d-117.1600864!16s%2Fg%2F11shfrhgfx!3m5!1s0x80d953574be55d8b:0x568846370a748ca5!8m2!3d32.7054977!4d-117.1601028!16zL20vMDMzdjNz?entry=ttu\" target=\"_blank\">San Diego Convention Center; 111 Harbor Dr, San Diego, CA 92101, United States<\/a><\/div><\/div><\/div><\/div><\/div>[\/vc_column][vc_column offset=\u00bbvc_col-lg-1 vc_col-md-1 vc_col-xs-12&#8243;][\/vc_column][\/vc_row][vc_row full_width=\u00bbstretch_row\u00bb parallax=\u00bbcontent-moving\u00bb parallax_image=\u00bb5693&#8243; css_animation=\u00bbbounceInUp\u00bb css=\u00bb.vc_custom_1708084727239{margin-top: 90px !important;margin-bottom: 90px !important;padding-top: 90px !important;padding-bottom: 90px !important;}\u00bb el_class=\u00bbblock-interes\u00bb][vc_column offset=\u00bbvc_col-lg-12 vc_col-md-12 vc_col-xs-12&#8243;]<div class=\"gt-heading gt-style-1 gt-light gt-align-left\"><h1 class=\"gt-title\">Lugares de inter\u00e9s Tur\u00edstico<\/h1><\/div>[\/vc_column][vc_column offset=\u00bbvc_col-lg-5 vc_col-md-5 vc_col-xs-12&#8243;]<div class=\"gt-service-boxes gt-style-1 gt-light\"><div class=\"gt-grid gt-grid-1 gt-spacing-0\"><div class=\"gt-grid-col\"><div class=\"gt-item gt-align-left\"><div class=\"gt-icon gt-font-icon-v2\"><i class=\"fa-solid fa-arrow-up-right-from-square\"><\/i><\/div><div class=\"gt-title\"><a href=\"https:\/\/www.viajarsandiego.com\/lugares-que-visitar.php\" target=\"_blank\">Web con informaci\u00f3n en espa\u00f1ol<\/a><\/div><\/div><\/div><div class=\"gt-grid-col\"><div class=\"gt-item gt-align-left\"><div class=\"gt-icon gt-font-icon-v2\"><i class=\"fa-solid fa-arrow-up-right-from-square\"><\/i><\/div><div class=\"gt-title\"><a href=\"https:\/\/www.sandiego.org\/\" target=\"_blank\">Web de turismo de San Diego<\/a><\/div><\/div><\/div><\/div><\/div>[\/vc_column][vc_column offset=\u00bbvc_col-lg-2 vc_col-md-2 vc_col-xs-12&#8243;][\/vc_column][vc_column offset=\u00bbvc_col-lg-5 vc_col-md-5 vc_col-xs-12&#8243; el_class=\u00bbservice-bullet\u00bb]<div class=\"gt-service-boxes gt-style-1 gt-light\"><div class=\"gt-grid gt-grid-1 gt-spacing-0\"><div class=\"gt-grid-col\"><div class=\"gt-item gt-align-left\"><div class=\"gt-title\"><a href=\"https:\/\/mopa.org\/\" target=\"_blank\">Museum of Photographic Arts <\/a><\/div><\/div><\/div><div class=\"gt-grid-col\"><div class=\"gt-item gt-align-left\"><div class=\"gt-title\"><a href=\"https:\/\/www.sandiego.org\/explore\/things-to-do\/beaches-bays\/torrey-pines.aspx\" target=\"_blank\">Torrey Pines State Beach<\/a><\/div><\/div><\/div><div class=\"gt-grid-col\"><div class=\"gt-item gt-align-left\"><div class=\"gt-title\"><a href=\"https:\/\/www.belmontpark.com\/\" target=\"_blank\">Giant Dipper Roller Coaster <\/a><\/div><\/div><\/div><div class=\"gt-grid-col\"><div class=\"gt-item gt-align-left\"><div class=\"gt-title\"><a href=\"https:\/\/www.niwa.org\/\" target=\"_blank\">Japanese Friendship Garden<\/a><\/div><\/div><\/div><div class=\"gt-grid-col\"><div class=\"gt-item gt-align-left\"><div class=\"gt-title\"><a href=\"https:\/\/www.sdmrm.org\/\" target=\"_blank\">San Diego Model Railroad Museum <\/a><\/div><\/div><\/div><div class=\"gt-grid-col\"><div class=\"gt-item gt-align-left\"><div class=\"gt-title\"><a href=\"https:\/\/www.gosandiego.com\/tourist-attraction\/mount-soledad\/\" target=\"_blank\">Mount Soledad <\/a><\/div><\/div><\/div><div class=\"gt-grid-col\"><div class=\"gt-item gt-align-left\"><div class=\"gt-title\"><a href=\"https:\/\/californiathroughmylens.com\/childrens-pool-la-jolla\/\" target=\"_blank\">Children&#039;s Pool Beach <\/a><\/div><\/div><\/div><div class=\"gt-grid-col\"><div class=\"gt-item gt-align-left\"><div class=\"gt-title\"><a href=\"https:\/\/sandiegomuseumcouncil.org\/museums\/whaley-house-museum\/\" target=\"_blank\">Whaley House Museum <\/a><\/div><\/div><\/div><div class=\"gt-grid-col\"><div class=\"gt-item gt-align-left\"><div class=\"gt-title\"><a href=\"https:\/\/www.sandiego.gov\/park-and-recreation\/parks\/osp\/mtrails\" target=\"_blank\">Mission Trails Regional Park <\/a><\/div><\/div><\/div><\/div><\/div>[\/vc_column][\/vc_row][vc_row full_width=\u00bbstretch_row\u00bb parallax=\u00bbcontent-moving\u00bb parallax_image=\u00bb5700&#8243; css_animation=\u00bbbounceInUp\u00bb css=\u00bb.vc_custom_1708085687162{margin-top: 90px !important;margin-bottom: 0px !important;padding-top: 90px !important;padding-bottom: 90px !important;}\u00bb el_class=\u00bbblock-interes\u00bb][vc_column offset=\u00bbvc_col-lg-12 vc_col-md-12 vc_col-xs-12&#8243;]<div class=\"gt-heading gt-style-1 gt-light gt-align-left\"><h1 class=\"gt-title\">Medios de transporte<\/h1><\/div>[\/vc_column][vc_column offset=\u00bbvc_col-lg-5 vc_col-md-5 vc_col-xs-12&#8243;]<div class=\"gt-service-boxes gt-style-1 gt-light\"><div class=\"gt-grid gt-grid-1 gt-spacing-0\"><div class=\"gt-grid-col\"><div class=\"gt-item gt-align-left\"><div class=\"gt-icon gt-font-icon-v2\"><i class=\"fa-solid fa-arrow-up-right-from-square\"><\/i><\/div><div class=\"gt-title\"><a href=\"https:\/\/www.uber.com\/\" target=\"_blank\">Servicio UBER<\/a><\/div><\/div><\/div><div class=\"gt-grid-col\"><div class=\"gt-item gt-align-left\"><div class=\"gt-icon gt-font-icon-v2\"><i class=\"fa-solid fa-arrow-up-right-from-square\"><\/i><\/div><div class=\"gt-title\"><a href=\"https:\/\/www.lyft.com\/\" target=\"_blank\">Servicio LYFT<\/a><\/div><\/div><\/div><div class=\"gt-grid-col\"><div class=\"gt-item gt-align-left\"><div class=\"gt-subtitle\">ofrecen un servicio similar al del taxi, aunque con un coste menor. Se trata de dos opciones muy populares, especialmente entre la gente joven. La diferencia m\u00e1s notable es que para pedir un uber o lyft necesita hacerlo a trav\u00e9s de su aplicaci\u00f3n<\/div><\/div><\/div><\/div><\/div>[\/vc_column][vc_column offset=\u00bbvc_col-lg-2 vc_col-md-2 vc_col-xs-12&#8243;][\/vc_column][vc_column offset=\u00bbvc_col-lg-5 vc_col-md-5 vc_col-xs-12&#8243; el_class=\u00bbservice-bullet\u00bb]<div class=\"gt-service-boxes gt-style-1 gt-light\"><div class=\"gt-grid gt-grid-1 gt-spacing-0\"><div class=\"gt-grid-col\"><div class=\"gt-item gt-align-left\"><div class=\"gt-title\"><a href=\"https:\/\/moovitapp.com\/index\/es-419\/transporte_p%C3%BAblico-lines-San_Diego_CA-582-8889\" target=\"_blank\">Transporte p\u00fablico<\/a><\/div><\/div><\/div><div class=\"gt-grid-col\"><div class=\"gt-item gt-align-left\"><div class=\"gt-title\">Yellow Radio Service<\/div><p>Aceptan la mayor\u00eda de tarjetas de cr\u00e9dito<br \/>\nTel\u00e9fono:<br \/>\n+1 619.444.4444<br \/>\n+1 858.444.4444<\/p>\n<\/div><\/div><div class=\"gt-grid-col\"><div class=\"gt-item gt-align-left\"><div class=\"gt-title\"><a href=\"https:\/\/www.sandiego.gov\/sites\/default\/files\/legacy\/fire\/pdf\/911spanish.pdf\" target=\"_blank\">Emergencias 911<\/a><\/div><\/div><\/div><div class=\"gt-grid-col\"><div class=\"gt-item gt-align-left\"><div class=\"gt-title\">Consulado General de Espa\u00f1a en Los \u00c1ngeles<\/div><\/div><\/div><div class=\"gt-grid-col\"><div class=\"gt-item gt-align-left\"><div class=\"gt-subtitle\">5055 Wilshire Blvd #860, Los Angeles, CA 90036, Estados Unidos<\/div><p>Atenci\u00f3n telef\u00f3nica de lunes a viernes de 8:30 a 14:30 horas<br \/>\nTel\u00e9fono: +1 323-938-0158<\/p>\n<\/div><\/div><\/div><\/div>[\/vc_column][\/vc_row]<\/p>\n<\/section>","protected":false},"excerpt":{"rendered":"<p>[vc_row css=\u00bb.vc_custom_1708077034140{margin-top: 90px !important;}\u00bb][vc_column offset=\u00bbvc_col-lg-1 vc_col-md-1 vc_col-xs-12&#8243;][\/vc_column][vc_column offset=\u00bbvc_col-lg-10 vc_col-md-10 vc_col-xs-12&#8243;][\/vc_column][vc_column offset=\u00bbvc_col-lg-1 vc_col-md-1 vc_col-xs-12&#8243;][\/vc_column][\/vc_row][vc_row full_width=\u00bbstretch_row\u00bb parallax=\u00bbcontent-moving\u00bb parallax_image=\u00bb5693&#8243; css_animation=\u00bbbounceInUp\u00bb css=\u00bb.vc_custom_1708084727239{margin-top: 90px !important;margin-bottom: 90px !important;padding-top: 90px !important;padding-bottom: 90px&#8230;<\/p>\n","protected":false},"author":1,"featured_media":5580,"parent":0,"menu_order":0,"comment_status":"closed","ping_status":"closed","template":"","meta":{"footnotes":""},"class_list":["post-5662","page","type-page","status-publish","has-post-thumbnail","hentry"],"yoast_head":"<!-- This site is optimized with the Yoast SEO plugin v21.9.1 - https:\/\/yoast.com\/wordpress\/plugins\/seo\/ -->\n<title>informaci\u00f3n de inter\u00e9s AAD - AEDV - Congreso AAD 2024<\/title>\n<meta name=\"description\" content=\"El AAD 2024 se celebra en San Diego, California\" \/>\n<meta name=\"robots\" content=\"noindex, follow, max-snippet:-1, max-image-preview:large, max-video-preview:-1\" \/>\n<meta property=\"og:locale\" content=\"es_ES\" \/>\n<meta property=\"og:type\" content=\"article\" \/>\n<meta property=\"og:title\" content=\"informaci\u00f3n de inter\u00e9s AAD - AEDV - Congreso AAD 2024\" \/>\n<meta property=\"og:description\" content=\"El AAD 2024 se celebra en San Diego, California\" \/>\n<meta property=\"og:url\" content=\"https:\/\/aadhighlights.aedv.es\/2024\/informacion-de-interes\/\" \/>\n<meta property=\"og:site_name\" content=\"AEDV - Congreso AAD 2024\" \/>\n<meta property=\"article:modified_time\" content=\"2025-03-06T18:48:07+00:00\" \/>\n<meta property=\"og:image\" content=\"https:\/\/aadhighlights.aedv.es\/2024\/wp-content\/uploads\/2024\/01\/san-diego.jpg\" \/>\n\t<meta property=\"og:image:width\" content=\"937\" \/>\n\t<meta property=\"og:image:height\" content=\"1080\" \/>\n\t<meta property=\"og:image:type\" content=\"image\/jpeg\" \/>\n<meta name=\"twitter:card\" content=\"summary_large_image\" \/>\n<meta name=\"twitter:label1\" content=\"Tiempo de lectura\" \/>\n\t<meta name=\"twitter:data1\" content=\"2 minutos\" \/>\n<script type=\"application\/ld+json\" class=\"yoast-schema-graph\">{\"@context\":\"https:\/\/schema.org\",\"@graph\":[{\"@type\":\"WebPage\",\"@id\":\"https:\/\/aadhighlights.aedv.es\/2024\/informacion-de-interes\/\",\"url\":\"https:\/\/aadhighlights.aedv.es\/2024\/informacion-de-interes\/\",\"name\":\"informaci\u00f3n de inter\u00e9s AAD - AEDV - Congreso AAD 2024\",\"isPartOf\":{\"@id\":\"https:\/\/aadhighlights.aedv.es\/2024\/#website\"},\"datePublished\":\"2024-02-16T07:35:32+00:00\",\"dateModified\":\"2025-03-06T18:48:07+00:00\",\"description\":\"El AAD 2024 se celebra en San Diego, California\",\"breadcrumb\":{\"@id\":\"https:\/\/aadhighlights.aedv.es\/2024\/informacion-de-interes\/#breadcrumb\"},\"inLanguage\":\"es\",\"potentialAction\":[{\"@type\":\"ReadAction\",\"target\":[\"https:\/\/aadhighlights.aedv.es\/2024\/informacion-de-interes\/\"]}]},{\"@type\":\"BreadcrumbList\",\"@id\":\"https:\/\/aadhighlights.aedv.es\/2024\/informacion-de-interes\/#breadcrumb\",\"itemListElement\":[{\"@type\":\"ListItem\",\"position\":1,\"name\":\"Portada\",\"item\":\"https:\/\/aadhighlights.aedv.es\/2024\/\"},{\"@type\":\"ListItem\",\"position\":2,\"name\":\"informaci\u00f3n de inter\u00e9s\"}]},{\"@type\":\"WebSite\",\"@id\":\"https:\/\/aadhighlights.aedv.es\/2024\/#website\",\"url\":\"https:\/\/aadhighlights.aedv.es\/2024\/\",\"name\":\"AEDV\",\"description\":\"Highlights congreso 81\u00ba AAD\",\"alternateName\":\"AEDV - Highlights 2024 congreso AAD\",\"potentialAction\":[{\"@type\":\"SearchAction\",\"target\":{\"@type\":\"EntryPoint\",\"urlTemplate\":\"https:\/\/aadhighlights.aedv.es\/2024\/?s={search_term_string}\"},\"query-input\":\"required name=search_term_string\"}],\"inLanguage\":\"es\"}]}<\/script>\n<!-- \/ Yoast SEO plugin. -->","yoast_head_json":{"title":"informaci\u00f3n de inter\u00e9s AAD - AEDV - Congreso AAD 2024","description":"El AAD 2024 se celebra en San Diego, California","robots":{"index":"noindex","follow":"follow","max-snippet":"max-snippet:-1","max-image-preview":"max-image-preview:large","max-video-preview":"max-video-preview:-1"},"og_locale":"es_ES","og_type":"article","og_title":"informaci\u00f3n de inter\u00e9s AAD - AEDV - Congreso AAD 2024","og_description":"El AAD 2024 se celebra en San Diego, California","og_url":"https:\/\/aadhighlights.aedv.es\/2024\/informacion-de-interes\/","og_site_name":"AEDV - Congreso AAD 2024","article_modified_time":"2025-03-06T18:48:07+00:00","og_image":[{"width":937,"height":1080,"url":"https:\/\/aadhighlights.aedv.es\/2024\/wp-content\/uploads\/2024\/01\/san-diego.jpg","type":"image\/jpeg"}],"twitter_card":"summary_large_image","twitter_misc":{"Tiempo de lectura":"2 minutos"},"schema":{"@context":"https:\/\/schema.org","@graph":[{"@type":"WebPage","@id":"https:\/\/aadhighlights.aedv.es\/2024\/informacion-de-interes\/","url":"https:\/\/aadhighlights.aedv.es\/2024\/informacion-de-interes\/","name":"informaci\u00f3n de inter\u00e9s AAD - AEDV - Congreso AAD 2024","isPartOf":{"@id":"https:\/\/aadhighlights.aedv.es\/2024\/#website"},"datePublished":"2024-02-16T07:35:32+00:00","dateModified":"2025-03-06T18:48:07+00:00","description":"El AAD 2024 se celebra en San Diego, California","breadcrumb":{"@id":"https:\/\/aadhighlights.aedv.es\/2024\/informacion-de-interes\/#breadcrumb"},"inLanguage":"es","potentialAction":[{"@type":"ReadAction","target":["https:\/\/aadhighlights.aedv.es\/2024\/informacion-de-interes\/"]}]},{"@type":"BreadcrumbList","@id":"https:\/\/aadhighlights.aedv.es\/2024\/informacion-de-interes\/#breadcrumb","itemListElement":[{"@type":"ListItem","position":1,"name":"Portada","item":"https:\/\/aadhighlights.aedv.es\/2024\/"},{"@type":"ListItem","position":2,"name":"informaci\u00f3n de inter\u00e9s"}]},{"@type":"WebSite","@id":"https:\/\/aadhighlights.aedv.es\/2024\/#website","url":"https:\/\/aadhighlights.aedv.es\/2024\/","name":"AEDV","description":"Highlights congreso 81\u00ba AAD","alternateName":"AEDV - Highlights 2024 congreso AAD","potentialAction":[{"@type":"SearchAction","target":{"@type":"EntryPoint","urlTemplate":"https:\/\/aadhighlights.aedv.es\/2024\/?s={search_term_string}"},"query-input":"required name=search_term_string"}],"inLanguage":"es"}]}},"_links":{"self":[{"href":"https:\/\/aadhighlights.aedv.es\/2024\/wp-json\/wp\/v2\/pages\/5662","targetHints":{"allow":["GET"]}}],"collection":[{"href":"https:\/\/aadhighlights.aedv.es\/2024\/wp-json\/wp\/v2\/pages"}],"about":[{"href":"https:\/\/aadhighlights.aedv.es\/2024\/wp-json\/wp\/v2\/types\/page"}],"author":[{"embeddable":true,"href":"https:\/\/aadhighlights.aedv.es\/2024\/wp-json\/wp\/v2\/users\/1"}],"replies":[{"embeddable":true,"href":"https:\/\/aadhighlights.aedv.es\/2024\/wp-json\/wp\/v2\/comments?post=5662"}],"version-history":[{"count":47,"href":"https:\/\/aadhighlights.aedv.es\/2024\/wp-json\/wp\/v2\/pages\/5662\/revisions"}],"predecessor-version":[{"id":5713,"href":"https:\/\/aadhighlights.aedv.es\/2024\/wp-json\/wp\/v2\/pages\/5662\/revisions\/5713"}],"wp:featuredmedia":[{"embeddable":true,"href":"https:\/\/aadhighlights.aedv.es\/2024\/wp-json\/wp\/v2\/media\/5580"}],"wp:attachment":[{"href":"https:\/\/aadhighlights.aedv.es\/2024\/wp-json\/wp\/v2\/media?parent=5662"}],"curies":[{"name":"wp","href":"https:\/\/api.w.org\/{rel}","templated":true}]}}