{"id":2023,"date":"2020-02-22T14:05:35","date_gmt":"2020-02-22T14:05:35","guid":{"rendered":"https:\/\/demo.gloriathemes.com\/noxe\/demo\/?page_id=2023"},"modified":"2025-03-07T13:36:21","modified_gmt":"2025-03-07T13:36:21","slug":"main-home","status":"publish","type":"page","link":"https:\/\/aadhighlights.aedv.es\/2024\/","title":{"rendered":"AEDV &#8211; 2024 congreso AAD"},"content":{"rendered":"<section class=\"wpb-content-wrapper\"><p>[vc_row full_width=\u00bbstretch_row_content_no_spaces\u00bb css=\u00bb.vc_custom_1686668396421{background-position: center !important;background-repeat: no-repeat !important;background-size: cover !important;}\u00bb el_class=\u00bbcontent-video-loop\u00bb][vc_column el_class=\u00bbvideo-loop\u00bb][\/vc_column][\/vc_row][vc_row full_width=\u00bbstretch_row\u00bb css_animation=\u00bbslideInUp\u00bb divider-background-position=\u00bbbottom\u00bb css=\u00bb.vc_custom_1707736388436{padding-top: 90px !important;padding-bottom: 95px !important;}\u00bb divider-background-height=\u00bb20%\u00bb divider-background-color=\u00bb#ffffff\u00bb][vc_column][vc_row_inner content_placement=\u00bbmiddle\u00bb css=\u00bb.vc_custom_1697029617969{padding-bottom: 125px !important;}\u00bb][vc_column_inner el_class=\u00bbwow flipInY animated bienvenida-text\u00bb offset=\u00bbvc_col-lg-5 vc_col-md-12 vc_col-xs-12&#8243;]<div class=\"gt-heading gt-custom gt-light gt-align-left\"><h1 class=\"gt-title\" style=\"font-size: 5rem;background: #f3ec78;\r\n\t\t\t\t\t\t\t\tbackground: linear-gradient(to right, #f3ec78, #af4261);\r\n\t\t\t\t\t\t\t\t-webkit-background-clip: text;\r\n\t\t\t\t\t\t\t\t-webkit-text-fill-color: transparent;\">Highlights AAD 2024<\/h1><p class=\"gt-text\" style=\"font-size: 1.1rem;line-height: 1.6rem;\">La Academia Espa\u00f1ola de Dermatolog\u00eda y Venereolog\u00eda, con el patrocinio de UCB, tiene el placer de presentar los \u201cHighlights 81\u00ba Congreso AAD\u201d que se celebra del 8 al 12 de marzo en San Diego.<\/p><\/div>[\/vc_column_inner][vc_column_inner offset=\u00bbvc_col-lg-1 vc_col-md-1 vc_col-xs-12&#8243;][\/vc_column_inner][vc_column_inner offset=\u00bbvc_col-lg-1 vc_col-md-1 vc_col-xs-12&#8243;][\/vc_column_inner][vc_column_inner el_class=\u00bbgt-align-center logo-edicion\u00bb offset=\u00bbvc_col-lg-5 vc_col-md-12 vc_col-xs-12&#8243;][vc_single_image image=\u00bb5623&#8243; img_size=\u00bblarge\u00bb alignment=\u00bbcenter\u00bb][vc_single_image image=\u00bb5567&#8243; img_size=\u00bblarge\u00bb alignment=\u00bbcenter\u00bb el_class=\u00bbimg-fecha\u00bb][\/vc_column_inner][\/vc_row_inner][vc_row_inner el_class=\u00bbblock-bienvenida\u00bb el_id=\u00bbvideo-bienvenida\u00bb][vc_column_inner offset=\u00bbvc_col-lg-1 vc_col-md-1 vc_col-xs-12 vc_hidden-xs\u00bb][\/vc_column_inner][vc_column_inner el_class=\u00bbcard-bienvenida\u00bb offset=\u00bbvc_col-lg-10 vc_col-md-10 vc_col-xs-12&#8243;]<div class=\"gt-video-player gt-style-1 gt-background-position-right-top gt-background-attachment-default gt-background-size-cover gt-background-repeat-no-repeat\" style=\"height: 60vh; background-image:url(https:\/\/aadhighlights.aedv.es\/2024\/wp-content\/uploads\/2024\/03\/video-home-AAD-2.jpg);\"><div class=\"gt-overlay\" style=\"\"><\/div><a href=\"\/wp-videoembed.php?r=https:\/\/player.vimeo.com\/video\/914341167&amp;autoplay=1&amp;rel=0&amp;controls=1&amp;showinfo=1\" data-fancybox><svg version=\"1.1\" xmlns=\"https:\/\/www.w3.org\/2000\/svg\" xmlns:xlink=\"https:\/\/www.w3.org\/1999\/xlink\" viewBox=\"0 0 100 100\" enable-background=\"new 0 0 100 100\"> <path class=\"gt-stroke-solid\" fill=\"none\" stroke=\"currentColor\" d=\"M49.9,2.5C23.6,2.8,2.1,24.4,2.5,50.4C2.9,76.5,24.7,98,50.3,97.5c26.4-0.6,47.4-21.8,47.2-47.7 C97.3,23.7,75.7,2.3,49.9,2.5\"><\/path> <path class=\"gt-stroke\" fill=\"none\" stroke=\"currentColor\" d=\"M49.9,2.5C23.6,2.8,2.1,24.4,2.5,50.4C2.9,76.5,24.7,98,50.3,97.5c26.4-0.6,47.4-21.8,47.2-47.7 C97.3,23.7,75.7,2.3,49.9,2.5\"><\/path> <path class=\"gt-stroke-icon\" fill=\"currentColor\" d=\"M38,69c-1,0.5-1.8,0-1.8-1.1V32.1c0-1.1,0.8-1.6,1.8-1.1l34,18c1,0.5,1,1.4,0,1.9L38,69z\"><\/path> <\/svg><\/a><\/div>[vc_column_text]<\/p>\n<p class=\"video-text\" style=\"text-align: center; margin-top: 1rem; font-size: x-large;\">VIDEO BIENVENIDA<\/p>\n<p class=\"video-text\" style=\"text-align: center; margin-top: 1rem; font-size: 1.5rem;\">Dra. Isabel Belinch\u00f3n Romero<\/p>\n<p class=\"video-text\" style=\"text-align: center; font-size: 1rem; margin-bottom: 15px;\">Vicepresidenta 1\u00aa de la AEDV y FPS. Responsable de Formaci\u00f3n, Investigaci\u00f3n e Innovaci\u00f3n<\/p>\n<p>[\/vc_column_text][\/vc_column_inner][vc_column_inner offset=\u00bbvc_col-lg-1 vc_col-md-1 vc_col-xs-12 vc_hidden-xs\u00bb][\/vc_column_inner][\/vc_row_inner][\/vc_column][\/vc_row][vc_row full_width=\u00bbstretch_row\u00bb css_animation=\u00bbslideInUp\u00bb divider-background-position=\u00bbbottom\u00bb css=\u00bb.vc_custom_1708515679348{padding-top: 90px !important;padding-bottom: 95px !important;}\u00bb divider-background-height=\u00bb20%\u00bb divider-background-color=\u00bb#ffffff\u00bb el_class=\u00bbhome-areas\u00bb][vc_column offset=\u00bbvc_col-lg-12 vc_col-md-12 vc_col-xs-12&#8243;][vc_row_inner el_class=\u00bbhome-Highlights Highlights-text\u00bb][vc_column_inner offset=\u00bbvc_col-lg-5 vc_col-md-12 vc_col-xs-12&#8243;]<div class=\"gt-heading gt-custom gt-light gt-align-left\"><h1 class=\"gt-title\" style=\"font-size: 6rem;line-height: 6rem;background: #f3ec78;\r\n\t\t\t\t\t\t\t\tbackground: linear-gradient(to right, #f3ec78, #af4261);\r\n\t\t\t\t\t\t\t\t-webkit-background-clip: text;\r\n\t\t\t\t\t\t\t\t-webkit-text-fill-color: transparent;\">AEDV Highlights<\/h1><p class=\"gt-text\" style=\"\">En el marco del 81\u00ba Congreso anual AAD que se celebra del 8 al 12 de marzo en San Diego, expertos dermat\u00f3logos presentar\u00e1n video-resumenes diarios.<\/p><\/div>[\/vc_column_inner][vc_column_inner offset=\u00bbvc_col-lg-1 vc_col-md-1 vc_col-xs-12&#8243;][\/vc_column_inner][vc_column_inner offset=\u00bbvc_col-lg-1 vc_col-md-1 vc_col-xs-12&#8243;][\/vc_column_inner][vc_column_inner offset=\u00bbvc_col-lg-5 vc_col-md-12 vc_col-xs-12&#8243;][vc_column_text]<\/p>\n<p class=\"blue-2023 f-12 back-text\">Nos acercar\u00e1n las <b>actualizaciones m\u00e1s relevantes<\/b>, novedades y avances cient\u00edficos m\u00e1s destacados del \u00faltimo a\u00f1o difundidas en este congreso en las diferentes \u00e1reas espec\u00edficas de inter\u00e9s en dermatolog\u00eda y venereolog\u00eda.<\/p>\n<div class=\"vc_single_image-wrapper vc_box_border_grey\"><img decoding=\"async\" class=\"img-2024 vc_single_image-img attachment-large aligncenter\" title=\"8-12-marzo-2024\" src=\"https:\/\/aadhighlights.aedv.es\/2024\/wp-content\/uploads\/2024\/01\/fecha2024.png\" alt=\"8-12 marzo 2024\" width=\"350\" \/><\/div>\n<p>[\/vc_column_text][\/vc_column_inner][\/vc_row_inner][vc_row_inner el_class=\u00bbhome-Highlights areas\u00bb][vc_column_inner el_class=\u00bblist-areas-1&#8243; offset=\u00bbvc_col-lg-5 vc_col-md-12 vc_col-xs-12&#8243;]<div class=\"gt-cinema-listing gt-style-1 gt-light\"><ul><li><div class=\"gt-inner\"><div class=\"gt-cinema-name\">Psoriasis y otras enfermedades inflamatorias<\/div><div class=\"gt-button gt-style-4 gt-light\"><a href=\"\/2024\/title-genre\/psoriasis-y-otras-enfermedades-inflamatorias\/?post_type=title-item\" target=\"_parent\">ver<\/a><\/div><\/div><\/li><li><div class=\"gt-inner\"><div class=\"gt-cinema-name\">Enfermedades autoinmunes y medicina interna<\/div><div class=\"gt-button gt-style-4 gt-light\"><a href=\"\/2024\/title-genre\/enfermedades-autoinmunes-y-medicina-interna?post_type=title-item\" target=\"_parent\">VER<\/a><\/div><\/div><\/li><li><div class=\"gt-inner\"><div class=\"gt-cinema-name\">Dermatolog\u00eda oncol\u00f3gica y cirug\u00eda<\/div><div class=\"gt-button gt-style-4 gt-light\"><a href=\"\/2024\/title-genre\/dermatologia-oncologica-y-cirugia\/?post_type=title-item\" target=\"_parent\">ver<\/a><\/div><\/div><\/li><li><div class=\"gt-inner\"><div class=\"gt-cinema-name\">Acn\u00e9 y ros\u00e1cea<\/div><div class=\"gt-button gt-style-4 gt-light\"><a href=\"\/2024\/title-genre\/acne-rosacea?post_type=title-item\" target=\"_parent\">ver<\/a><\/div><\/div><\/li><li><div class=\"gt-inner\"><div class=\"gt-cinema-name\">Dermatolog\u00eda est\u00e9tica y l\u00e1ser<\/div><div class=\"gt-button gt-style-4 gt-light\"><a href=\"\/2024\/title-genre\/dermatologia-estetica-y-laser?post_type=title-item\" target=\"_parent\">ver<\/a><\/div><\/div><\/li><li><div class=\"gt-inner\"><div class=\"gt-cinema-name\">Hidradenitis supurativa<\/div><div class=\"gt-button gt-style-4 gt-light\"><a href=\"\/2024\/title-genre\/hidradenitis-supurativa?post_type=title-item\" target=\"_parent\">ver<\/a><\/div><\/div><\/li><li><div class=\"gt-inner\"><div class=\"gt-cinema-name\">Dermatolog\u00eda pedi\u00e1trica<\/div><div class=\"gt-button gt-style-4 gt-light\"><a href=\"\/2024\/title-genre\/dermatologia-pediatrica?post_type=title-item\" target=\"_parent\">ver<\/a><\/div><\/div><\/li><\/ul><\/div>[\/vc_column_inner][vc_column_inner offset=\u00bbvc_col-lg-1 vc_col-md-1 vc_col-xs-12&#8243;][\/vc_column_inner][vc_column_inner offset=\u00bbvc_col-lg-1 vc_col-md-1 vc_col-xs-12&#8243;][\/vc_column_inner][vc_column_inner el_class=\u00bblist-areas-2&#8243; offset=\u00bbvc_col-lg-5 vc_col-md-12 vc_col-xs-12&#8243;]<div class=\"gt-cinema-listing gt-style-1 gt-light\"><ul><li><div class=\"gt-inner\"><div class=\"gt-cinema-name\">Tricolog\u00eda, patolog\u00eda del fol\u00edculo piloso y onicolog\u00eda<\/div><div class=\"gt-button gt-style-4 gt-light\"><a href=\"\/title-genre\/tricologia-patologia-del-foliculo-piloso-y-onicologia?post_type=title-item\" target=\"_parent\">ver<\/a><\/div><\/div><\/li><li><div class=\"gt-inner\"><div class=\"gt-cinema-name\">ITS y otras enfermedades infecciosas<\/div><div class=\"gt-button gt-style-4 gt-light\"><a href=\"\/title-genre\/its-y-otras-enfermedades-infecciosas\/?post_type=title-item\" target=\"_parent\">ver<\/a><\/div><\/div><\/li><li><div class=\"gt-inner\"><div class=\"gt-cinema-name\">Dermatopatolog\u00eda<\/div><div class=\"gt-button gt-style-4 gt-light\"><a href=\"\/title-genre\/dermatopatologia?post_type=title-item\" target=\"_parent\">ver<\/a><\/div><\/div><\/li><li><div class=\"gt-inner\"><div class=\"gt-cinema-name\">Diagn\u00f3stico por imagen en dermatolog\u00eda y dermatoscopia<\/div><div class=\"gt-button gt-style-4 gt-light\"><a href=\"\/title-genre\/diagnostico-por-imagen-en-dermatologia-y-dermatoscopia?post_type=title-item\" target=\"_parent\">ver<\/a><\/div><\/div><\/li><li><div class=\"gt-inner\"><div class=\"gt-cinema-name\">Fotodermatosis y fotobiolog\u00eda<\/div><div class=\"gt-button gt-style-4 gt-light\"><a href=\"\/title-genre\/fotodermatosis-y-fotobiologia?post_type=title-item\" target=\"_parent\">ver<\/a><\/div><\/div><\/li><li><div class=\"gt-inner\"><div class=\"gt-cinema-name\">Dermatitis at\u00f3pica e inmunoalergia cut\u00e1nea<\/div><div class=\"gt-button gt-style-4 gt-light\"><a href=\"\/title-genre\/dermatitis-atopica-e-inmunoalergia-cutanea?post_type=title-item\" target=\"_parent\">ver<\/a><\/div><\/div><\/li><\/ul><\/div>[\/vc_column_inner][\/vc_row_inner][\/vc_column][\/vc_row][vc_row full_width=\u00bbstretch_row\u00bb content_placement=\u00bbmiddle\u00bb css_animation=\u00bbnone\u00bb disable_element=\u00bbyes\u00bb css=\u00bb.vc_custom_1707736732232{padding-bottom: 125px !important;}\u00bb el_class=\u00bbhome-Highlights Highlights-text\u00bb][vc_column css_animation=\u00bbleft-to-right\u00bb offset=\u00bbvc_col-lg-5 vc_col-md-12 vc_col-xs-12&#8243; el_class=\u00bbhome-Highlights\u00bb]<div class=\"gt-heading gt-custom gt-light gt-align-left\"><h1 class=\"gt-title\" style=\"font-size: 6rem;line-height: 6rem;background: #f3ec78;\r\n\t\t\t\t\t\t\t\tbackground: linear-gradient(to right, #f3ec78, #af4261);\r\n\t\t\t\t\t\t\t\t-webkit-background-clip: text;\r\n\t\t\t\t\t\t\t\t-webkit-text-fill-color: transparent;\">AEDV Highlights<\/h1><p class=\"gt-text\" style=\"\">En el marco del 81\u00ba Congreso anual AAD que se celebra del 8 al 12 de marzo en San Diego, expertos dermat\u00f3logos presentar\u00e1n video-resumenes diarios.<\/p><\/div>[\/vc_column][vc_column offset=\u00bbvc_col-lg-1 vc_col-md-1 vc_col-xs-12&#8243;][\/vc_column][vc_column offset=\u00bbvc_col-lg-1 vc_col-md-1 vc_col-xs-12&#8243;][\/vc_column][vc_column css_animation=\u00bbright-to-left\u00bb offset=\u00bbvc_col-lg-5 vc_col-md-12 vc_col-xs-12&#8243;][vc_column_text]<\/p>\n<p class=\"blue-2023 f-12 back-text\">Nos acercar\u00e1n las <b>actualizaciones m\u00e1s relevantes<\/b>, novedades y avances cient\u00edficos m\u00e1s destacados del \u00faltimo a\u00f1o difundidas en este congreso en las diferentes \u00e1reas espec\u00edficas de inter\u00e9s en dermatolog\u00eda y venereolog\u00eda.<\/p>\n<div class=\"vc_single_image-wrapper vc_box_border_grey\"><img decoding=\"async\" class=\"vc_single_image-img attachment-large aligncenter\" title=\"8-12-marzo-2024\" src=\"https:\/\/aadhighlights.aedv.es\/2024\/wp-content\/uploads\/2024\/01\/fecha2024.png\" alt=\"8-12 marzo 2024\" width=\"350\" \/><\/div>\n<p>[\/vc_column_text][\/vc_column][\/vc_row]<\/p>\n<\/section>","protected":false},"excerpt":{"rendered":"<p>[vc_row full_width=\u00bbstretch_row_content_no_spaces\u00bb css=\u00bb.vc_custom_1686668396421{background-position: center !important;background-repeat: no-repeat !important;background-size: cover !important;}\u00bb el_class=\u00bbcontent-video-loop\u00bb][vc_column el_class=\u00bbvideo-loop\u00bb][\/vc_column][\/vc_row][vc_row full_width=\u00bbstretch_row\u00bb css_animation=\u00bbslideInUp\u00bb divider-background-position=\u00bbbottom\u00bb css=\u00bb.vc_custom_1707736388436{padding-top: 90px !important;padding-bottom: 95px !important;}\u00bb divider-background-height=\u00bb20%\u00bb divider-background-color=\u00bb#ffffff\u00bb][vc_column][vc_row_inner content_placement=\u00bbmiddle\u00bb css=\u00bb.vc_custom_1697029617969{padding-bottom: 125px !important;}\u00bb][vc_column_inner&#8230;<\/p>\n","protected":false},"author":1,"featured_media":5574,"parent":0,"menu_order":0,"comment_status":"closed","ping_status":"closed","template":"","meta":{"footnotes":""},"class_list":["post-2023","page","type-page","status-publish","has-post-thumbnail","hentry"],"yoast_head":"<!-- This site is optimized with the Yoast SEO plugin v21.9.1 - https:\/\/yoast.com\/wordpress\/plugins\/seo\/ -->\n<title>AEDV - 2024 congreso AAD - AEDV - Congreso AAD 2024<\/title>\n<meta name=\"description\" content=\"2024 congreso AAD - novedades y avances cient\u00edficos m\u00e1s destacados en las diferentes \u00e1reas espec\u00edficas de inter\u00e9s en dermatolog\u00eda y venereolog\u00eda.\" \/>\n<meta name=\"robots\" content=\"noindex, follow, max-snippet:-1, max-image-preview:large, max-video-preview:-1\" \/>\n<meta property=\"og:locale\" content=\"es_ES\" \/>\n<meta property=\"og:type\" content=\"article\" \/>\n<meta property=\"og:title\" content=\"AEDV - Highlights 81\u00ba congreso AAD\" \/>\n<meta property=\"og:description\" content=\"Congreso AAD 2024 - Novedades y avances cient\u00edficos m\u00e1s destacados del \u00faltimo a\u00f1o en las diferentes \u00e1reas espec\u00edficas de inter\u00e9s en dermatolog\u00eda y venereolog\u00eda.\" \/>\n<meta property=\"og:url\" content=\"https:\/\/aadhighlights.aedv.es\/2024\/\" \/>\n<meta property=\"og:site_name\" content=\"AEDV - Congreso AAD 2024\" \/>\n<meta property=\"article:modified_time\" content=\"2025-03-07T13:36:21+00:00\" \/>\n<meta property=\"og:image\" content=\"https:\/\/aadhighlights.aedv.es\/2024\/wp-content\/uploads\/2024\/01\/pre-aad.jpg\" \/>\n\t<meta property=\"og:image:width\" content=\"918\" \/>\n\t<meta property=\"og:image:height\" content=\"703\" \/>\n\t<meta property=\"og:image:type\" content=\"image\/jpeg\" \/>\n<meta name=\"twitter:card\" content=\"summary_large_image\" \/>\n<meta name=\"twitter:title\" content=\"AEDV - Highlights 81\u00ba congreso AAD\" \/>\n<meta name=\"twitter:description\" content=\"Congreso AAD 2024 - Novedades y avances cient\u00edficos m\u00e1s destacados del \u00faltimo a\u00f1o en las diferentes \u00e1reas espec\u00edficas de inter\u00e9s en dermatolog\u00eda y venereolog\u00eda.\" \/>\n<meta name=\"twitter:image\" content=\"https:\/\/aadhighlights.aedv.es\/2024\/wp-content\/uploads\/2024\/01\/pre-aad.jpg\" \/>\n<meta name=\"twitter:label1\" content=\"Tiempo de lectura\" \/>\n\t<meta name=\"twitter:data1\" content=\"4 minutos\" \/>\n<script type=\"application\/ld+json\" class=\"yoast-schema-graph\">{\"@context\":\"https:\/\/schema.org\",\"@graph\":[{\"@type\":\"WebPage\",\"@id\":\"https:\/\/aadhighlights.aedv.es\/2024\/\",\"url\":\"https:\/\/aadhighlights.aedv.es\/2024\/\",\"name\":\"AEDV - 2024 congreso AAD - AEDV - Congreso AAD 2024\",\"isPartOf\":{\"@id\":\"https:\/\/aadhighlights.aedv.es\/2024\/#website\"},\"datePublished\":\"2020-02-22T14:05:35+00:00\",\"dateModified\":\"2025-03-07T13:36:21+00:00\",\"description\":\"2024 congreso AAD - novedades y avances cient\u00edficos m\u00e1s destacados en las diferentes \u00e1reas espec\u00edficas de inter\u00e9s en dermatolog\u00eda y venereolog\u00eda.\",\"breadcrumb\":{\"@id\":\"https:\/\/aadhighlights.aedv.es\/2024\/#breadcrumb\"},\"inLanguage\":\"es\",\"potentialAction\":[{\"@type\":\"ReadAction\",\"target\":[\"https:\/\/aadhighlights.aedv.es\/2024\/\"]}]},{\"@type\":\"BreadcrumbList\",\"@id\":\"https:\/\/aadhighlights.aedv.es\/2024\/#breadcrumb\",\"itemListElement\":[{\"@type\":\"ListItem\",\"position\":1,\"name\":\"Portada\",\"item\":\"https:\/\/aadhighlights.aedv.es\/2024\/\"},{\"@type\":\"ListItem\",\"position\":2,\"name\":\"AEDV &#8211; 2024 congreso AAD\"}]},{\"@type\":\"WebSite\",\"@id\":\"https:\/\/aadhighlights.aedv.es\/2024\/#website\",\"url\":\"https:\/\/aadhighlights.aedv.es\/2024\/\",\"name\":\"AEDV\",\"description\":\"Highlights congreso 81\u00ba AAD\",\"alternateName\":\"AEDV - Highlights 2024 congreso AAD\",\"potentialAction\":[{\"@type\":\"SearchAction\",\"target\":{\"@type\":\"EntryPoint\",\"urlTemplate\":\"https:\/\/aadhighlights.aedv.es\/2024\/?s={search_term_string}\"},\"query-input\":\"required name=search_term_string\"}],\"inLanguage\":\"es\"}]}<\/script>\n<!-- \/ Yoast SEO plugin. -->","yoast_head_json":{"title":"AEDV - 2024 congreso AAD - AEDV - Congreso AAD 2024","description":"2024 congreso AAD - novedades y avances cient\u00edficos m\u00e1s destacados en las diferentes \u00e1reas espec\u00edficas de inter\u00e9s en dermatolog\u00eda y venereolog\u00eda.","robots":{"index":"noindex","follow":"follow","max-snippet":"max-snippet:-1","max-image-preview":"max-image-preview:large","max-video-preview":"max-video-preview:-1"},"og_locale":"es_ES","og_type":"article","og_title":"AEDV - Highlights 81\u00ba congreso AAD","og_description":"Congreso AAD 2024 - Novedades y avances cient\u00edficos m\u00e1s destacados del \u00faltimo a\u00f1o en las diferentes \u00e1reas espec\u00edficas de inter\u00e9s en dermatolog\u00eda y venereolog\u00eda.","og_url":"https:\/\/aadhighlights.aedv.es\/2024\/","og_site_name":"AEDV - Congreso AAD 2024","article_modified_time":"2025-03-07T13:36:21+00:00","og_image":[{"width":918,"height":703,"url":"https:\/\/aadhighlights.aedv.es\/2024\/wp-content\/uploads\/2024\/01\/pre-aad.jpg","type":"image\/jpeg"}],"twitter_card":"summary_large_image","twitter_title":"AEDV - Highlights 81\u00ba congreso AAD","twitter_description":"Congreso AAD 2024 - Novedades y avances cient\u00edficos m\u00e1s destacados del \u00faltimo a\u00f1o en las diferentes \u00e1reas espec\u00edficas de inter\u00e9s en dermatolog\u00eda y venereolog\u00eda.","twitter_image":"https:\/\/aadhighlights.aedv.es\/2024\/wp-content\/uploads\/2024\/01\/pre-aad.jpg","twitter_misc":{"Tiempo de lectura":"4 minutos"},"schema":{"@context":"https:\/\/schema.org","@graph":[{"@type":"WebPage","@id":"https:\/\/aadhighlights.aedv.es\/2024\/","url":"https:\/\/aadhighlights.aedv.es\/2024\/","name":"AEDV - 2024 congreso AAD - AEDV - Congreso AAD 2024","isPartOf":{"@id":"https:\/\/aadhighlights.aedv.es\/2024\/#website"},"datePublished":"2020-02-22T14:05:35+00:00","dateModified":"2025-03-07T13:36:21+00:00","description":"2024 congreso AAD - novedades y avances cient\u00edficos m\u00e1s destacados en las diferentes \u00e1reas espec\u00edficas de inter\u00e9s en dermatolog\u00eda y venereolog\u00eda.","breadcrumb":{"@id":"https:\/\/aadhighlights.aedv.es\/2024\/#breadcrumb"},"inLanguage":"es","potentialAction":[{"@type":"ReadAction","target":["https:\/\/aadhighlights.aedv.es\/2024\/"]}]},{"@type":"BreadcrumbList","@id":"https:\/\/aadhighlights.aedv.es\/2024\/#breadcrumb","itemListElement":[{"@type":"ListItem","position":1,"name":"Portada","item":"https:\/\/aadhighlights.aedv.es\/2024\/"},{"@type":"ListItem","position":2,"name":"AEDV &#8211; 2024 congreso AAD"}]},{"@type":"WebSite","@id":"https:\/\/aadhighlights.aedv.es\/2024\/#website","url":"https:\/\/aadhighlights.aedv.es\/2024\/","name":"AEDV","description":"Highlights congreso 81\u00ba AAD","alternateName":"AEDV - Highlights 2024 congreso AAD","potentialAction":[{"@type":"SearchAction","target":{"@type":"EntryPoint","urlTemplate":"https:\/\/aadhighlights.aedv.es\/2024\/?s={search_term_string}"},"query-input":"required name=search_term_string"}],"inLanguage":"es"}]}},"_links":{"self":[{"href":"https:\/\/aadhighlights.aedv.es\/2024\/wp-json\/wp\/v2\/pages\/2023","targetHints":{"allow":["GET"]}}],"collection":[{"href":"https:\/\/aadhighlights.aedv.es\/2024\/wp-json\/wp\/v2\/pages"}],"about":[{"href":"https:\/\/aadhighlights.aedv.es\/2024\/wp-json\/wp\/v2\/types\/page"}],"author":[{"embeddable":true,"href":"https:\/\/aadhighlights.aedv.es\/2024\/wp-json\/wp\/v2\/users\/1"}],"replies":[{"embeddable":true,"href":"https:\/\/aadhighlights.aedv.es\/2024\/wp-json\/wp\/v2\/comments?post=2023"}],"version-history":[{"count":315,"href":"https:\/\/aadhighlights.aedv.es\/2024\/wp-json\/wp\/v2\/pages\/2023\/revisions"}],"predecessor-version":[{"id":5894,"href":"https:\/\/aadhighlights.aedv.es\/2024\/wp-json\/wp\/v2\/pages\/2023\/revisions\/5894"}],"wp:featuredmedia":[{"embeddable":true,"href":"https:\/\/aadhighlights.aedv.es\/2024\/wp-json\/wp\/v2\/media\/5574"}],"wp:attachment":[{"href":"https:\/\/aadhighlights.aedv.es\/2024\/wp-json\/wp\/v2\/media?parent=2023"}],"curies":[{"name":"wp","href":"https:\/\/api.w.org\/{rel}","templated":true}]}}