{"id":1769,"date":"2020-02-20T14:40:36","date_gmt":"2020-02-20T14:40:36","guid":{"rendered":"https:\/\/demo.gloriathemes.com\/noxe\/demo\/?page_id=1769"},"modified":"2025-03-06T18:45:21","modified_gmt":"2025-03-06T18:45:21","slug":"clausura","status":"publish","type":"page","link":"https:\/\/aadhighlights.aedv.es\/2024\/clausura\/","title":{"rendered":"Clausura"},"content":{"rendered":"<section class=\"wpb-content-wrapper\"><p>[vc_row css=\u00bb.vc_custom_1686843318215{padding-top: 125px !important;padding-bottom: 125px !important;}\u00bb][vc_column][vc_row_inner css=\u00bb.vc_custom_1686843284488{margin-top: 90px !important;}\u00bb][vc_column_inner offset=\u00bbvc_col-lg-1 vc_col-md-1 vc_col-xs-12&#8243;][\/vc_column_inner][vc_column_inner offset=\u00bbvc_col-lg-10 vc_col-md-10 vc_col-xs-12&#8243;]<div class=\"gt-heading gt-custom gt-light gt-align-left\"><h1 class=\"gt-title\" style=\"font-size: 6rem;background: #f3ec78;\r\n\t\t\t\t\t\t\t\tbackground: linear-gradient(to right, #f3ec78, #af4261);\r\n\t\t\t\t\t\t\t\t-webkit-background-clip: text;\r\n\t\t\t\t\t\t\t\t-webkit-text-fill-color: transparent;\">CLAUSURA<\/h1><p class=\"gt-text\" style=\"\">Ha sido un placer contar contigo en los Highlights 2024 del 81\u00ba Congreso Americano de Dermatolog\u00eda que ha tenido lugar en San Diego del 8 al 12 de marzo 2024. Esperamos que esta iniciativa haya sido de tu inter\u00e9s y que hayas podido disfrutar de los v\u00eddeo-res\u00famenes con los \u00faltimos avances cient\u00edficos, as\u00ed como las entrevistas de los Espa\u00f1oles en AAD, aportando su punto de vista sobre las actualizaciones de la especialidad<\/p><\/div>[\/vc_column_inner][vc_column_inner offset=\u00bbvc_col-lg-1 vc_col-md-1 vc_col-xs-12&#8243;][\/vc_column_inner][\/vc_row_inner][\/vc_column][\/vc_row][vc_row disable_element=\u00bbyes\u00bb css=\u00bb.vc_custom_1686756147857{margin-bottom: 55px !important;}\u00bb][vc_column][vc_row_inner css=\u00bb.vc_custom_1581956818338{margin-bottom: 110px !important;}\u00bb][vc_column_inner offset=\u00bbvc_col-lg-12 vc_col-md-12 vc_col-xs-12&#8243;]<div class=\"gt-heading gt-style-1 gt-light gt-align-center\"><h5 class=\"gt-title\">Donec arcu dolor, elementum et facilisis quis diam. Sed ut eget libero consectetur iaculis. Ut lacinia eros in erat gravida tempor. Quisque condimentum urna mauris.<\/h5><\/div>[\/vc_column_inner][\/vc_row_inner][\/vc_column][\/vc_row][vc_row full_width=\u00bbstretch_row_content_no_spaces\u00bb css=\u00bb.vc_custom_1709298538469{margin-bottom: 135px !important;padding-right: 5vw !important;padding-left: 5vw !important;}\u00bb el_class=\u00bbblock-clausura\u00bb el_id=\u00bbvideo-clausura\u00bb][vc_column offset=\u00bbvc_col-lg-1 vc_col-md-1 vc_col-xs-12&#8243;][\/vc_column][vc_column el_class=\u00bbvideo-clausura\u00bb offset=\u00bbvc_col-lg-10 vc_col-md-10 vc_col-xs-12&#8243;]<div class=\"gt-video-player gt-style-1 gt-background-position-right-top gt-background-attachment-scroll gt-background-size-cover gt-background-repeat-no-repeat\" style=\"height: 80vh; background-image:url(https:\/\/aadhighlights.aedv.es\/2024\/wp-content\/uploads\/2024\/02\/video-home-2024.jpg);\"><div class=\"gt-overlay\" style=\"background-color: #000000;opacity: 0.1;\"><\/div><a href=\"\/wp-videoembed.php?r=https:\/\/player.vimeo.com\/video\/919955593&amp;autoplay=1&amp;rel=0&amp;controls=1&amp;showinfo=1\" data-fancybox><svg version=\"1.1\" xmlns=\"https:\/\/www.w3.org\/2000\/svg\" xmlns:xlink=\"https:\/\/www.w3.org\/1999\/xlink\" viewBox=\"0 0 100 100\" enable-background=\"new 0 0 100 100\"> <path class=\"gt-stroke-solid\" fill=\"none\" stroke=\"currentColor\" d=\"M49.9,2.5C23.6,2.8,2.1,24.4,2.5,50.4C2.9,76.5,24.7,98,50.3,97.5c26.4-0.6,47.4-21.8,47.2-47.7 C97.3,23.7,75.7,2.3,49.9,2.5\"><\/path> <path class=\"gt-stroke\" fill=\"none\" stroke=\"currentColor\" d=\"M49.9,2.5C23.6,2.8,2.1,24.4,2.5,50.4C2.9,76.5,24.7,98,50.3,97.5c26.4-0.6,47.4-21.8,47.2-47.7 C97.3,23.7,75.7,2.3,49.9,2.5\"><\/path> <path class=\"gt-stroke-icon\" fill=\"currentColor\" d=\"M38,69c-1,0.5-1.8,0-1.8-1.1V32.1c0-1.1,0.8-1.6,1.8-1.1l34,18c1,0.5,1,1.4,0,1.9L38,69z\"><\/path> <\/svg><\/a><\/div>[vc_column_text]<\/p>\n<p class=\"video-text\" style=\"text-align: center; margin: 0; font-size: 2.5rem; font-weight: bold;\">VIDEO CLAUSURA<\/p>\n<p class=\"video-text\" style=\"text-align: center; margin: 0; font-size: 1.5rem;\">Dr. Juan Jos\u00e9 Andr\u00e9s Lencina<\/p>\n<p class=\"video-text\" style=\"text-align: center; font-size: 1rem;\">Vocal de Formaci\u00f3n de la AEDV y FPS.<\/p>\n<p>[\/vc_column_text][\/vc_column][vc_column offset=\u00bbvc_col-lg-1 vc_col-md-1 vc_col-xs-12&#8243;][\/vc_column][\/vc_row]<\/p>\n<\/section>","protected":false},"excerpt":{"rendered":"<p>[vc_row css=\u00bb.vc_custom_1686843318215{padding-top: 125px !important;padding-bottom: 125px !important;}\u00bb][vc_column][vc_row_inner css=\u00bb.vc_custom_1686843284488{margin-top: 90px !important;}\u00bb][vc_column_inner offset=\u00bbvc_col-lg-1 vc_col-md-1 vc_col-xs-12&#8243;][\/vc_column_inner][vc_column_inner offset=\u00bbvc_col-lg-10 vc_col-md-10 vc_col-xs-12&#8243;][\/vc_column_inner][vc_column_inner offset=\u00bbvc_col-lg-1 vc_col-md-1 vc_col-xs-12&#8243;][\/vc_column_inner][\/vc_row_inner][\/vc_column][\/vc_row][vc_row disable_element=\u00bbyes\u00bb css=\u00bb.vc_custom_1686756147857{margin-bottom: 55px !important;}\u00bb][vc_column][vc_row_inner css=\u00bb.vc_custom_1581956818338{margin-bottom: 110px !important;}\u00bb][vc_column_inner&#8230;<\/p>\n","protected":false},"author":1,"featured_media":5574,"parent":0,"menu_order":0,"comment_status":"closed","ping_status":"closed","template":"","meta":{"footnotes":""},"class_list":["post-1769","page","type-page","status-publish","has-post-thumbnail","hentry"],"yoast_head":"<!-- This site is optimized with the Yoast SEO plugin v21.9.1 - https:\/\/yoast.com\/wordpress\/plugins\/seo\/ -->\n<title>AEDV - Congreso AAD 2024 - Clausura<\/title>\n<meta name=\"description\" content=\"Clausura - Video Dr. Juan Jos\u00e9 Andr\u00e9s Lencina\" \/>\n<meta name=\"robots\" content=\"noindex, follow, max-snippet:-1, max-image-preview:large, max-video-preview:-1\" \/>\n<meta property=\"og:locale\" content=\"es_ES\" \/>\n<meta property=\"og:type\" content=\"article\" \/>\n<meta property=\"og:title\" content=\"AEDV - Highlights 81\u00ba Congreso AAD 2024\" \/>\n<meta property=\"og:description\" content=\"Clausura - Video Dr. Juan Jos\u00e9 Andr\u00e9s Lencina\" \/>\n<meta property=\"og:url\" content=\"https:\/\/aadhighlights.aedv.es\/2024\/clausura\/\" \/>\n<meta property=\"og:site_name\" content=\"AEDV - Congreso AAD 2024\" \/>\n<meta property=\"article:modified_time\" content=\"2025-03-06T18:45:21+00:00\" \/>\n<meta property=\"og:image\" content=\"https:\/\/aadhighlights.aedv.es\/2024\/wp-content\/uploads\/2024\/01\/pre-aad.jpg\" \/>\n\t<meta property=\"og:image:width\" content=\"918\" \/>\n\t<meta property=\"og:image:height\" content=\"703\" \/>\n\t<meta property=\"og:image:type\" content=\"image\/jpeg\" \/>\n<meta name=\"twitter:card\" content=\"summary_large_image\" \/>\n<meta name=\"twitter:title\" content=\"AEDV - Highlights 81\u00ba Congreso AAD 2024\" \/>\n<meta name=\"twitter:description\" content=\"Clausura - Video Dr. Juan Jos\u00e9 Andr\u00e9s Lencina\" \/>\n<meta name=\"twitter:image\" content=\"https:\/\/aadhighlights.aedv.es\/2024\/wp-content\/uploads\/2024\/01\/pre-aad.jpg\" \/>\n<meta name=\"twitter:label1\" content=\"Tiempo de lectura\" \/>\n\t<meta name=\"twitter:data1\" content=\"2 minutos\" \/>\n<script type=\"application\/ld+json\" class=\"yoast-schema-graph\">{\"@context\":\"https:\/\/schema.org\",\"@graph\":[{\"@type\":\"WebPage\",\"@id\":\"https:\/\/aadhighlights.aedv.es\/2024\/clausura\/\",\"url\":\"https:\/\/aadhighlights.aedv.es\/2024\/clausura\/\",\"name\":\"AEDV - Congreso AAD 2024 - Clausura\",\"isPartOf\":{\"@id\":\"https:\/\/aadhighlights.aedv.es\/2024\/#website\"},\"datePublished\":\"2020-02-20T14:40:36+00:00\",\"dateModified\":\"2025-03-06T18:45:21+00:00\",\"description\":\"Clausura - Video Dr. Juan Jos\u00e9 Andr\u00e9s Lencina\",\"breadcrumb\":{\"@id\":\"https:\/\/aadhighlights.aedv.es\/2024\/clausura\/#breadcrumb\"},\"inLanguage\":\"es\",\"potentialAction\":[{\"@type\":\"ReadAction\",\"target\":[\"https:\/\/aadhighlights.aedv.es\/2024\/clausura\/\"]}]},{\"@type\":\"BreadcrumbList\",\"@id\":\"https:\/\/aadhighlights.aedv.es\/2024\/clausura\/#breadcrumb\",\"itemListElement\":[{\"@type\":\"ListItem\",\"position\":1,\"name\":\"Portada\",\"item\":\"https:\/\/aadhighlights.aedv.es\/2024\/\"},{\"@type\":\"ListItem\",\"position\":2,\"name\":\"Clausura\"}]},{\"@type\":\"WebSite\",\"@id\":\"https:\/\/aadhighlights.aedv.es\/2024\/#website\",\"url\":\"https:\/\/aadhighlights.aedv.es\/2024\/\",\"name\":\"AEDV\",\"description\":\"Highlights congreso 81\u00ba AAD\",\"alternateName\":\"AEDV - Highlights 2024 congreso AAD\",\"potentialAction\":[{\"@type\":\"SearchAction\",\"target\":{\"@type\":\"EntryPoint\",\"urlTemplate\":\"https:\/\/aadhighlights.aedv.es\/2024\/?s={search_term_string}\"},\"query-input\":\"required name=search_term_string\"}],\"inLanguage\":\"es\"}]}<\/script>\n<!-- \/ Yoast SEO plugin. -->","yoast_head_json":{"title":"AEDV - Congreso AAD 2024 - Clausura","description":"Clausura - Video Dr. Juan Jos\u00e9 Andr\u00e9s Lencina","robots":{"index":"noindex","follow":"follow","max-snippet":"max-snippet:-1","max-image-preview":"max-image-preview:large","max-video-preview":"max-video-preview:-1"},"og_locale":"es_ES","og_type":"article","og_title":"AEDV - Highlights 81\u00ba Congreso AAD 2024","og_description":"Clausura - Video Dr. Juan Jos\u00e9 Andr\u00e9s Lencina","og_url":"https:\/\/aadhighlights.aedv.es\/2024\/clausura\/","og_site_name":"AEDV - Congreso AAD 2024","article_modified_time":"2025-03-06T18:45:21+00:00","og_image":[{"width":918,"height":703,"url":"https:\/\/aadhighlights.aedv.es\/2024\/wp-content\/uploads\/2024\/01\/pre-aad.jpg","type":"image\/jpeg"}],"twitter_card":"summary_large_image","twitter_title":"AEDV - Highlights 81\u00ba Congreso AAD 2024","twitter_description":"Clausura - Video Dr. Juan Jos\u00e9 Andr\u00e9s Lencina","twitter_image":"https:\/\/aadhighlights.aedv.es\/2024\/wp-content\/uploads\/2024\/01\/pre-aad.jpg","twitter_misc":{"Tiempo de lectura":"2 minutos"},"schema":{"@context":"https:\/\/schema.org","@graph":[{"@type":"WebPage","@id":"https:\/\/aadhighlights.aedv.es\/2024\/clausura\/","url":"https:\/\/aadhighlights.aedv.es\/2024\/clausura\/","name":"AEDV - Congreso AAD 2024 - Clausura","isPartOf":{"@id":"https:\/\/aadhighlights.aedv.es\/2024\/#website"},"datePublished":"2020-02-20T14:40:36+00:00","dateModified":"2025-03-06T18:45:21+00:00","description":"Clausura - Video Dr. Juan Jos\u00e9 Andr\u00e9s Lencina","breadcrumb":{"@id":"https:\/\/aadhighlights.aedv.es\/2024\/clausura\/#breadcrumb"},"inLanguage":"es","potentialAction":[{"@type":"ReadAction","target":["https:\/\/aadhighlights.aedv.es\/2024\/clausura\/"]}]},{"@type":"BreadcrumbList","@id":"https:\/\/aadhighlights.aedv.es\/2024\/clausura\/#breadcrumb","itemListElement":[{"@type":"ListItem","position":1,"name":"Portada","item":"https:\/\/aadhighlights.aedv.es\/2024\/"},{"@type":"ListItem","position":2,"name":"Clausura"}]},{"@type":"WebSite","@id":"https:\/\/aadhighlights.aedv.es\/2024\/#website","url":"https:\/\/aadhighlights.aedv.es\/2024\/","name":"AEDV","description":"Highlights congreso 81\u00ba AAD","alternateName":"AEDV - Highlights 2024 congreso AAD","potentialAction":[{"@type":"SearchAction","target":{"@type":"EntryPoint","urlTemplate":"https:\/\/aadhighlights.aedv.es\/2024\/?s={search_term_string}"},"query-input":"required name=search_term_string"}],"inLanguage":"es"}]}},"_links":{"self":[{"href":"https:\/\/aadhighlights.aedv.es\/2024\/wp-json\/wp\/v2\/pages\/1769","targetHints":{"allow":["GET"]}}],"collection":[{"href":"https:\/\/aadhighlights.aedv.es\/2024\/wp-json\/wp\/v2\/pages"}],"about":[{"href":"https:\/\/aadhighlights.aedv.es\/2024\/wp-json\/wp\/v2\/types\/page"}],"author":[{"embeddable":true,"href":"https:\/\/aadhighlights.aedv.es\/2024\/wp-json\/wp\/v2\/users\/1"}],"replies":[{"embeddable":true,"href":"https:\/\/aadhighlights.aedv.es\/2024\/wp-json\/wp\/v2\/comments?post=1769"}],"version-history":[{"count":58,"href":"https:\/\/aadhighlights.aedv.es\/2024\/wp-json\/wp\/v2\/pages\/1769\/revisions"}],"predecessor-version":[{"id":5843,"href":"https:\/\/aadhighlights.aedv.es\/2024\/wp-json\/wp\/v2\/pages\/1769\/revisions\/5843"}],"wp:featuredmedia":[{"embeddable":true,"href":"https:\/\/aadhighlights.aedv.es\/2024\/wp-json\/wp\/v2\/media\/5574"}],"wp:attachment":[{"href":"https:\/\/aadhighlights.aedv.es\/2024\/wp-json\/wp\/v2\/media?parent=1769"}],"curies":[{"name":"wp","href":"https:\/\/api.w.org\/{rel}","templated":true}]}}